{"id":6318,"date":"2025-02-13T20:35:10","date_gmt":"2025-02-13T19:35:10","guid":{"rendered":"https:\/\/www.euryo.org\/web\/?page_id=6318"},"modified":"2025-02-13T20:35:10","modified_gmt":"2025-02-13T19:35:10","slug":"scientific-papers-from-cost-action-ca18213","status":"publish","type":"page","link":"https:\/\/www.euryo.org\/web\/scientific-papers-from-cost-action-ca18213\/","title":{"rendered":"Scientific Papers from COST Action CA18213"},"content":{"rendered":"<h1><strong>Scientific articles from the COST Action CA18213<\/strong><\/h1>\n<h4>NEETs civic and political participation in outermost islands: The mediating roles of sense of community and agency<\/h4>\n<p>Francisco Sim\u00f5es, Maria Fernandes-Jesus, Elena Marta<br \/>\n<i>Journal of Community &amp; Applied Social Psychology<\/i>,\u00a0<span class=\"vol\">32<\/span>(<span class=\"citedIssue\">5<\/span>),\u00a0<span class=\"pageFirst\">799<\/span>\u2013<span class=\"pageLast\">813<\/span>.\u00a0<a class=\"linkBehavior\" href=\"https:\/\/doi.org\/10.1002\/casp.2609\">https:\/\/doi.org\/10.1002\/casp.2609<\/a><\/p>\n<hr \/>\n<h4>How Digital Inclusion Increase Opportunities for Young People: Case of NEETs from Bulgaria, Romania and Turkey<\/h4>\n<p>Gabriela Neagu, Muhammet Berigel, Vladislava Lendzhova<br \/>\nSustainability 2021, 13(14), 7894; <a href=\"https:\/\/doi.org\/10.3390\/su13147894\">https:\/\/doi.org\/10.3390\/su13147894<\/a><\/p>\n<hr \/>\n<h4>NEET Rural\u2013Urban Ecosystems: The Role of Urban Social Innovation Diffusion in Supporting Sustainable Rural Pathways to Education, Employment, and Training<\/h4>\n<p>Emre Erdogan, Paul Flynn, Bahanur Nasya, Heidi Paabort, Vladislava Lendzhova<br \/>\nSustainability 2021, 13(21), 12053; <a href=\"https:\/\/doi.org\/10.3390\/su132112053\">https:\/\/doi.org\/10.3390\/su132112053<\/a><\/p>\n<hr \/>\n<h4>Rapid Evidence Assessment Protocol for the Meta-Analysis of Initiatives, Interventions and Programmes That Target Rural NEETs<\/h4>\n<p>Paul Flynn, Veronica McCauley, Alen Muj\u010dinovi\u0107, Vesela Radovi\u0107, Stefan Bojnec, Francisco Sim\u00f5es<br \/>\nSoc. Sci. 2022, 11(8), 362; <a href=\"https:\/\/doi.org\/10.3390\/socsci11080362\">https:\/\/doi.org\/10.3390\/socsci11080362<\/a><\/p>\n<hr \/>\n<h4>Becoming a Young Farmer in the Digital Age\u2014An Island Perspective<\/h4>\n<p>\u0130lkay Unay-Gailhard, Francisco Sim\u00f5es<br \/>\nRural Sociology, 87: 144-185. <a href=\"https:\/\/doi.org\/10.1111\/ruso.12400\">https:\/\/doi.org\/10.1111\/ruso.12400<\/a><\/p>\n<div class=\"pvc_clear\"><\/div>\n<p id=\"pvc_stats_6318\" class=\"pvc_stats total_only  \" data-element-id=\"6318\" style=\"\"><i class=\"pvc-stats-icon medium\" aria-hidden=\"true\"><svg aria-hidden=\"true\" focusable=\"false\" data-prefix=\"far\" data-icon=\"chart-bar\" role=\"img\" xmlns=\"http:\/\/www.w3.org\/2000\/svg\" viewBox=\"0 0 512 512\" class=\"svg-inline--fa fa-chart-bar fa-w-16 fa-2x\"><path fill=\"currentColor\" d=\"M396.8 352h22.4c6.4 0 12.8-6.4 12.8-12.8V108.8c0-6.4-6.4-12.8-12.8-12.8h-22.4c-6.4 0-12.8 6.4-12.8 12.8v230.4c0 6.4 6.4 12.8 12.8 12.8zm-192 0h22.4c6.4 0 12.8-6.4 12.8-12.8V140.8c0-6.4-6.4-12.8-12.8-12.8h-22.4c-6.4 0-12.8 6.4-12.8 12.8v198.4c0 6.4 6.4 12.8 12.8 12.8zm96 0h22.4c6.4 0 12.8-6.4 12.8-12.8V204.8c0-6.4-6.4-12.8-12.8-12.8h-22.4c-6.4 0-12.8 6.4-12.8 12.8v134.4c0 6.4 6.4 12.8 12.8 12.8zM496 400H48V80c0-8.84-7.16-16-16-16H16C7.16 64 0 71.16 0 80v336c0 17.67 14.33 32 32 32h464c8.84 0 16-7.16 16-16v-16c0-8.84-7.16-16-16-16zm-387.2-48h22.4c6.4 0 12.8-6.4 12.8-12.8v-70.4c0-6.4-6.4-12.8-12.8-12.8h-22.4c-6.4 0-12.8 6.4-12.8 12.8v70.4c0 6.4 6.4 12.8 12.8 12.8z\" class=\"\"><\/path><\/svg><\/i> <img decoding=\"async\" width=\"16\" height=\"16\" alt=\"Loading\" src=\"https:\/\/www.euryo.org\/web\/wp-content\/plugins\/page-views-count\/ajax-loader-2x.gif\" border=0 \/><\/p>\n<div class=\"pvc_clear\"><\/div>\n","protected":false},"excerpt":{"rendered":"<p>Scientific articles from the COST Action CA18213 NEETs civic and political participation in outermost islands: The mediating roles of sense of community and agency Francisco Sim\u00f5es, Maria Fernandes-Jesus, Elena Marta Journal of Community &amp; Applied Social Psychology,\u00a032(5),\u00a0799\u2013813.\u00a0https:\/\/doi.org\/10.1002\/casp.2609 How Digital Inclusion Increase Opportunities for Young People: Case of NEETs from Bulgaria, Romania and Turkey Gabriela Neagu, Muhammet Berigel, Vladislava Lendzhova Sustainability 2021, 13(14), 7894; https:\/\/doi.org\/10.3390\/su13147894 NEET Rural\u2013Urban Ecosystems: The Role of Urban Social Innovation Diffusion in Supporting Sustainable Rural Pathways to&hellip;<\/p>\n<div class=\"pvc_clear\"><\/div>\n<p id=\"pvc_stats_6318\" class=\"pvc_stats total_only  \" data-element-id=\"6318\" style=\"\"><i class=\"pvc-stats-icon medium\" aria-hidden=\"true\"><svg aria-hidden=\"true\" focusable=\"false\" data-prefix=\"far\" data-icon=\"chart-bar\" role=\"img\" xmlns=\"http:\/\/www.w3.org\/2000\/svg\" viewBox=\"0 0 512 512\" class=\"svg-inline--fa fa-chart-bar fa-w-16 fa-2x\"><path fill=\"currentColor\" d=\"M396.8 352h22.4c6.4 0 12.8-6.4 12.8-12.8V108.8c0-6.4-6.4-12.8-12.8-12.8h-22.4c-6.4 0-12.8 6.4-12.8 12.8v230.4c0 6.4 6.4 12.8 12.8 12.8zm-192 0h22.4c6.4 0 12.8-6.4 12.8-12.8V140.8c0-6.4-6.4-12.8-12.8-12.8h-22.4c-6.4 0-12.8 6.4-12.8 12.8v198.4c0 6.4 6.4 12.8 12.8 12.8zm96 0h22.4c6.4 0 12.8-6.4 12.8-12.8V204.8c0-6.4-6.4-12.8-12.8-12.8h-22.4c-6.4 0-12.8 6.4-12.8 12.8v134.4c0 6.4 6.4 12.8 12.8 12.8zM496 400H48V80c0-8.84-7.16-16-16-16H16C7.16 64 0 71.16 0 80v336c0 17.67 14.33 32 32 32h464c8.84 0 16-7.16 16-16v-16c0-8.84-7.16-16-16-16zm-387.2-48h22.4c6.4 0 12.8-6.4 12.8-12.8v-70.4c0-6.4-6.4-12.8-12.8-12.8h-22.4c-6.4 0-12.8 6.4-12.8 12.8v70.4c0 6.4 6.4 12.8 12.8 12.8z\" class=\"\"><\/path><\/svg><\/i> <img decoding=\"async\" width=\"16\" height=\"16\" alt=\"Loading\" src=\"https:\/\/www.euryo.org\/web\/wp-content\/plugins\/page-views-count\/ajax-loader-2x.gif\" border=0 \/><\/p>\n<div class=\"pvc_clear\"><\/div>\n","protected":false},"author":1,"featured_media":0,"parent":0,"menu_order":0,"comment_status":"closed","ping_status":"closed","template":"","meta":{"om_disable_all_campaigns":false,"_monsterinsights_skip_tracking":false,"_monsterinsights_sitenote_active":false,"_monsterinsights_sitenote_note":"","_monsterinsights_sitenote_category":0,"two_page_speed":[],"footnotes":""},"class_list":["post-6318","page","type-page","status-publish","hentry"],"yoast_head":"<!-- This site is optimized with the Yoast SEO plugin v27.0 - https:\/\/yoast.com\/product\/yoast-seo-wordpress\/ -->\n<title>Scientific Papers from COST Action CA18213 - EURYO European Rural Youth Observatory<\/title>\n<meta name=\"robots\" content=\"index, follow, max-snippet:-1, max-image-preview:large, max-video-preview:-1\" \/>\n<link rel=\"canonical\" href=\"https:\/\/www.euryo.org\/web\/scientific-papers-from-cost-action-ca18213\/\" \/>\n<meta property=\"og:locale\" content=\"en_GB\" \/>\n<meta property=\"og:type\" content=\"article\" \/>\n<meta property=\"og:title\" content=\"Scientific Papers from COST Action CA18213 - EURYO European Rural Youth Observatory\" \/>\n<meta property=\"og:description\" content=\"Scientific articles from the COST Action CA18213 NEETs civic and political participation in outermost islands: The mediating roles of sense of community and agency Francisco Sim\u00f5es, Maria Fernandes-Jesus, Elena Marta Journal of Community &amp; Applied Social Psychology,\u00a032(5),\u00a0799\u2013813.\u00a0https:\/\/doi.org\/10.1002\/casp.2609 How Digital Inclusion Increase Opportunities for Young People: Case of NEETs from Bulgaria, Romania and Turkey Gabriela Neagu, Muhammet Berigel, Vladislava Lendzhova Sustainability 2021, 13(14), 7894; https:\/\/doi.org\/10.3390\/su13147894 NEET Rural\u2013Urban Ecosystems: The Role of Urban Social Innovation Diffusion in Supporting Sustainable Rural Pathways to&hellip;\" \/>\n<meta property=\"og:url\" content=\"https:\/\/www.euryo.org\/web\/scientific-papers-from-cost-action-ca18213\/\" \/>\n<meta property=\"og:site_name\" content=\"EURYO European Rural Youth Observatory\" \/>\n<meta property=\"article:publisher\" content=\"https:\/\/www.facebook.com\/EURuralYouth\/\" \/>\n<meta name=\"twitter:card\" content=\"summary_large_image\" \/>\n<meta name=\"twitter:site\" content=\"@EURuralYouth\" \/>\n<meta name=\"twitter:label1\" content=\"Estimated reading time\" \/>\n\t<meta name=\"twitter:data1\" content=\"1 minute\" \/>\n<script type=\"application\/ld+json\" class=\"yoast-schema-graph\">{\"@context\":\"https:\/\/schema.org\",\"@graph\":[{\"@type\":\"WebPage\",\"@id\":\"https:\/\/www.euryo.org\/web\/scientific-papers-from-cost-action-ca18213\/\",\"url\":\"https:\/\/www.euryo.org\/web\/scientific-papers-from-cost-action-ca18213\/\",\"name\":\"Scientific Papers from COST Action CA18213 - EURYO European Rural Youth Observatory\",\"isPartOf\":{\"@id\":\"https:\/\/www.euryo.org\/web\/#website\"},\"datePublished\":\"2025-02-13T19:35:10+00:00\",\"breadcrumb\":{\"@id\":\"https:\/\/www.euryo.org\/web\/scientific-papers-from-cost-action-ca18213\/#breadcrumb\"},\"inLanguage\":\"en-GB\",\"potentialAction\":[{\"@type\":\"ReadAction\",\"target\":[\"https:\/\/www.euryo.org\/web\/scientific-papers-from-cost-action-ca18213\/\"]}]},{\"@type\":\"BreadcrumbList\",\"@id\":\"https:\/\/www.euryo.org\/web\/scientific-papers-from-cost-action-ca18213\/#breadcrumb\",\"itemListElement\":[{\"@type\":\"ListItem\",\"position\":1,\"name\":\"Home\",\"item\":\"https:\/\/www.euryo.org\/web\/\"},{\"@type\":\"ListItem\",\"position\":2,\"name\":\"Scientific Papers from COST Action CA18213\"}]},{\"@type\":\"WebSite\",\"@id\":\"https:\/\/www.euryo.org\/web\/#website\",\"url\":\"https:\/\/www.euryo.org\/web\/\",\"name\":\"EURYO European Rural Youth Observatory\",\"description\":\"EURYO European Rural Youth Observatory\",\"publisher\":{\"@id\":\"https:\/\/www.euryo.org\/web\/#organization\"},\"potentialAction\":[{\"@type\":\"SearchAction\",\"target\":{\"@type\":\"EntryPoint\",\"urlTemplate\":\"https:\/\/www.euryo.org\/web\/?s={search_term_string}\"},\"query-input\":{\"@type\":\"PropertyValueSpecification\",\"valueRequired\":true,\"valueName\":\"search_term_string\"}}],\"inLanguage\":\"en-GB\"},{\"@type\":\"Organization\",\"@id\":\"https:\/\/www.euryo.org\/web\/#organization\",\"name\":\"EURYO European Rural Youth Observatory\",\"url\":\"https:\/\/www.euryo.org\/web\/\",\"logo\":{\"@type\":\"ImageObject\",\"inLanguage\":\"en-GB\",\"@id\":\"https:\/\/www.euryo.org\/web\/#\/schema\/logo\/image\/\",\"url\":\"https:\/\/www.euryo.org\/web\/wp-content\/uploads\/2025\/03\/EURYO-HD.webp\",\"contentUrl\":\"https:\/\/www.euryo.org\/web\/wp-content\/uploads\/2025\/03\/EURYO-HD.webp\",\"width\":1920,\"height\":554,\"caption\":\"EURYO European Rural Youth Observatory\"},\"image\":{\"@id\":\"https:\/\/www.euryo.org\/web\/#\/schema\/logo\/image\/\"},\"sameAs\":[\"https:\/\/www.facebook.com\/EURuralYouth\/\",\"https:\/\/x.com\/EURuralYouth\",\"https:\/\/www.linkedin.com\/company\/euryo\"]}]}<\/script>\n<!-- \/ Yoast SEO plugin. -->","yoast_head_json":{"title":"Scientific Papers from COST Action CA18213 - EURYO European Rural Youth Observatory","robots":{"index":"index","follow":"follow","max-snippet":"max-snippet:-1","max-image-preview":"max-image-preview:large","max-video-preview":"max-video-preview:-1"},"canonical":"https:\/\/www.euryo.org\/web\/scientific-papers-from-cost-action-ca18213\/","og_locale":"en_GB","og_type":"article","og_title":"Scientific Papers from COST Action CA18213 - EURYO European Rural Youth Observatory","og_description":"Scientific articles from the COST Action CA18213 NEETs civic and political participation in outermost islands: The mediating roles of sense of community and agency Francisco Sim\u00f5es, Maria Fernandes-Jesus, Elena Marta Journal of Community &amp; Applied Social Psychology,\u00a032(5),\u00a0799\u2013813.\u00a0https:\/\/doi.org\/10.1002\/casp.2609 How Digital Inclusion Increase Opportunities for Young People: Case of NEETs from Bulgaria, Romania and Turkey Gabriela Neagu, Muhammet Berigel, Vladislava Lendzhova Sustainability 2021, 13(14), 7894; https:\/\/doi.org\/10.3390\/su13147894 NEET Rural\u2013Urban Ecosystems: The Role of Urban Social Innovation Diffusion in Supporting Sustainable Rural Pathways to&hellip;","og_url":"https:\/\/www.euryo.org\/web\/scientific-papers-from-cost-action-ca18213\/","og_site_name":"EURYO European Rural Youth Observatory","article_publisher":"https:\/\/www.facebook.com\/EURuralYouth\/","twitter_card":"summary_large_image","twitter_site":"@EURuralYouth","twitter_misc":{"Estimated reading time":"1 minute"},"schema":{"@context":"https:\/\/schema.org","@graph":[{"@type":"WebPage","@id":"https:\/\/www.euryo.org\/web\/scientific-papers-from-cost-action-ca18213\/","url":"https:\/\/www.euryo.org\/web\/scientific-papers-from-cost-action-ca18213\/","name":"Scientific Papers from COST Action CA18213 - EURYO European Rural Youth Observatory","isPartOf":{"@id":"https:\/\/www.euryo.org\/web\/#website"},"datePublished":"2025-02-13T19:35:10+00:00","breadcrumb":{"@id":"https:\/\/www.euryo.org\/web\/scientific-papers-from-cost-action-ca18213\/#breadcrumb"},"inLanguage":"en-GB","potentialAction":[{"@type":"ReadAction","target":["https:\/\/www.euryo.org\/web\/scientific-papers-from-cost-action-ca18213\/"]}]},{"@type":"BreadcrumbList","@id":"https:\/\/www.euryo.org\/web\/scientific-papers-from-cost-action-ca18213\/#breadcrumb","itemListElement":[{"@type":"ListItem","position":1,"name":"Home","item":"https:\/\/www.euryo.org\/web\/"},{"@type":"ListItem","position":2,"name":"Scientific Papers from COST Action CA18213"}]},{"@type":"WebSite","@id":"https:\/\/www.euryo.org\/web\/#website","url":"https:\/\/www.euryo.org\/web\/","name":"EURYO European Rural Youth Observatory","description":"EURYO European Rural Youth Observatory","publisher":{"@id":"https:\/\/www.euryo.org\/web\/#organization"},"potentialAction":[{"@type":"SearchAction","target":{"@type":"EntryPoint","urlTemplate":"https:\/\/www.euryo.org\/web\/?s={search_term_string}"},"query-input":{"@type":"PropertyValueSpecification","valueRequired":true,"valueName":"search_term_string"}}],"inLanguage":"en-GB"},{"@type":"Organization","@id":"https:\/\/www.euryo.org\/web\/#organization","name":"EURYO European Rural Youth Observatory","url":"https:\/\/www.euryo.org\/web\/","logo":{"@type":"ImageObject","inLanguage":"en-GB","@id":"https:\/\/www.euryo.org\/web\/#\/schema\/logo\/image\/","url":"https:\/\/www.euryo.org\/web\/wp-content\/uploads\/2025\/03\/EURYO-HD.webp","contentUrl":"https:\/\/www.euryo.org\/web\/wp-content\/uploads\/2025\/03\/EURYO-HD.webp","width":1920,"height":554,"caption":"EURYO European Rural Youth Observatory"},"image":{"@id":"https:\/\/www.euryo.org\/web\/#\/schema\/logo\/image\/"},"sameAs":["https:\/\/www.facebook.com\/EURuralYouth\/","https:\/\/x.com\/EURuralYouth","https:\/\/www.linkedin.com\/company\/euryo"]}]}},"_links":{"self":[{"href":"https:\/\/www.euryo.org\/web\/wp-json\/wp\/v2\/pages\/6318","targetHints":{"allow":["GET"]}}],"collection":[{"href":"https:\/\/www.euryo.org\/web\/wp-json\/wp\/v2\/pages"}],"about":[{"href":"https:\/\/www.euryo.org\/web\/wp-json\/wp\/v2\/types\/page"}],"author":[{"embeddable":true,"href":"https:\/\/www.euryo.org\/web\/wp-json\/wp\/v2\/users\/1"}],"replies":[{"embeddable":true,"href":"https:\/\/www.euryo.org\/web\/wp-json\/wp\/v2\/comments?post=6318"}],"version-history":[{"count":1,"href":"https:\/\/www.euryo.org\/web\/wp-json\/wp\/v2\/pages\/6318\/revisions"}],"predecessor-version":[{"id":6319,"href":"https:\/\/www.euryo.org\/web\/wp-json\/wp\/v2\/pages\/6318\/revisions\/6319"}],"wp:attachment":[{"href":"https:\/\/www.euryo.org\/web\/wp-json\/wp\/v2\/media?parent=6318"}],"curies":[{"name":"wp","href":"https:\/\/api.w.org\/{rel}","templated":true}]}}